{"id":12087,"date":"2025-07-08T12:09:38","date_gmt":"2025-07-08T10:09:38","guid":{"rendered":"https:\/\/janewinther.com\/shop\/innerer-kern-digital\/"},"modified":"2025-07-08T12:09:38","modified_gmt":"2025-07-08T10:09:38","slug":"innerer-kern-digital","status":"publish","type":"product","link":"https:\/\/janewinther.com\/de\/shop\/innerer-kern-digital\/","title":{"rendered":"Innerer Kern (digital)"},"content":{"rendered":"","protected":false},"excerpt":{"rendered":"<p style=\"text-align: left;\"><span class=\"yt-core-attributed-string yt-core-attributed-string--white-space-pre-wrap\" dir=\"auto\"><span class=\"yt-core-attributed-string--link-inherit-color\" dir=\"auto\">Inner Core &#8211; Die Reise zu Ihrem wahren Selbst (52 min)<br \/>\nDieses Album l\u00e4dt Sie ein, die Ruhe und Pr\u00e4senz Ihrer inneren Welt zu erfahren und f\u00fchrt Sie zur Quelle Ihrer Seele. Gespielt auf Klangschalen, Glocken, Windspielen und Bambusfl\u00f6te <\/span><\/span><\/p>\n<p>https:\/\/youtu.be\/5I4cUCvLCn8?si=ViMcdDnUmCakSI6V<\/p>\n<div id=\"snippet\" class=\"style-scope ytd-text-inline-expander\"><\/div>\n<div class=\"style-scope ytd-watch-metadata\">\n<div id=\"video-summary\" class=\"style-scope ytd-structured-description-content-renderer\"><\/div>\n<div id=\"merch-shelf\" class=\"style-scope ytd-structured-description-content-renderer\"><\/div>\n<div id=\"items\" class=\"style-scope ytd-structured-description-content-renderer\"><\/div>\n<\/div>\n","protected":false},"featured_media":12089,"template":"","meta":{"_acf_changed":false},"product_brand":[],"product_cat":[305,306,304,307,303,314,313,315],"product_tag":[331,332],"class_list":{"0":"post-12087","1":"product","2":"type-product","3":"status-publish","4":"has-post-thumbnail","6":"product_cat-alben","7":"product_cat-beruhigend","8":"product_cat-entspannend","9":"product_cat-frequenzmedizin","10":"product_cat-musik","11":"product_cat-schlaf","12":"product_cat-singing-bowls","13":"product_cat-yoga","14":"product_tag-klangschalen","15":"product_tag-sounds4balance","17":"first","18":"instock","19":"downloadable","20":"virtual","21":"taxable","22":"purchasable","23":"product-type-simple"},"acf":[],"_links":{"self":[{"href":"https:\/\/janewinther.com\/de\/wp-json\/wp\/v2\/product\/12087","targetHints":{"allow":["GET"]}}],"collection":[{"href":"https:\/\/janewinther.com\/de\/wp-json\/wp\/v2\/product"}],"about":[{"href":"https:\/\/janewinther.com\/de\/wp-json\/wp\/v2\/types\/product"}],"version-history":[{"count":0,"href":"https:\/\/janewinther.com\/de\/wp-json\/wp\/v2\/product\/12087\/revisions"}],"wp:featuredmedia":[{"embeddable":true,"href":"https:\/\/janewinther.com\/de\/wp-json\/wp\/v2\/media\/12089"}],"wp:attachment":[{"href":"https:\/\/janewinther.com\/de\/wp-json\/wp\/v2\/media?parent=12087"}],"wp:term":[{"taxonomy":"product_brand","embeddable":true,"href":"https:\/\/janewinther.com\/de\/wp-json\/wp\/v2\/product_brand?post=12087"},{"taxonomy":"product_cat","embeddable":true,"href":"https:\/\/janewinther.com\/de\/wp-json\/wp\/v2\/product_cat?post=12087"},{"taxonomy":"product_tag","embeddable":true,"href":"https:\/\/janewinther.com\/de\/wp-json\/wp\/v2\/product_tag?post=12087"}],"curies":[{"name":"wp","href":"https:\/\/api.w.org\/{rel}","templated":true}]}}