{"id":12140,"date":"2025-07-05T17:14:05","date_gmt":"2025-07-05T15:14:05","guid":{"rendered":"https:\/\/janewinther.com\/shop\/mantra-2-digital\/"},"modified":"2025-07-05T17:14:05","modified_gmt":"2025-07-05T15:14:05","slug":"mantra-2-digital","status":"publish","type":"product","link":"https:\/\/janewinther.com\/de\/shop\/mantra-2-digital\/","title":{"rendered":"Mantra 2 (digital)"},"content":{"rendered":"<div class=\"customer-reviews\"\/>\n<div class=\"top-albums-and-songs\"><em> <\/em><\/div>\n","protected":false},"excerpt":{"rendered":"<p><span style=\"color: #342f2e; font-size: small;\">MANTRA 2<br \/>\nMehrstimmiger harmonischer Gesang mit dem buddhistisch\/hinduistischen Mantra: &#8222;Om Mani Padme Hum&#8220;.<br \/>\nBesonders geeignet f\u00fcr Transformation, Kontemplation und Meditation.  <\/span><\/p>\n[embed]https:\/\/www.youtube.com\/watch?v=rBgw5ncmAlQ&amp;list=OLAK5uy_kGSzw9VzOt3FOo32WcuFzqLZSSrt8y-X0&amp;ab_channel=JaneWinther-Topic[\/embed]\n<p>&nbsp;<\/p>\n<h4>Kundenrezensionen mit MANTRA<\/h4>\n<p><em>&#8222;Ein Genuss f\u00fcr die Seele. Sch\u00f6nheitsgesang auf hohem Niveau. Es ist das erkl\u00e4rte Ziel von Jane Winther, Musik und F\u00fcrsorge zu vereinen. Ich denke, das ist ihr mit diesem &#8222;Mantra&#8220; gut gelungen, bei dem die Musik sanft die Seele streichelt. (oder wo auch immer sie ist) Die Musik schafft inneren Frieden und Freude. Die Muskeln entspannen sich und Sie werden emporgehoben.      <\/em><\/p>\n<p>Gesangsharmonien, inspiriert durch das buddhistische Mantra &#8222;Om Mani Padme Hum&#8220;. Die Musik ist akustisch und minimalistisch und bietet dem H\u00f6rer eine Atmosph\u00e4re von Sch\u00f6nheit und friedlichen Momenten. Die Harmonien und die Vokalisierung machen dieses Album zu einer ph\u00e4nomenalen Untermalung f\u00fcr jede Yoga-Praxis, Meditation oder Entspannung, die Sie suchen.  <\/p>\n<p><em>Ich denke, die CD eignet sich f\u00fcr meditative Kontemplation &#8211; besser als viele &#8222;Standard-New-Age&#8220;-Ver\u00f6ffentlichungen, die oft musikalisch oberfl\u00e4chlich sind. Hier gibt es musikalische Tiefe.<\/em>&#8220;<br \/>\nWisdom Magazine<\/p>\n<div class=\"customer-review\">\n<h5><span class=\"customerReviewTitle\">So eine tolle Musik!!! Ideal f\u00fcr die Meditation.<\/span><\/h5>\n<h5>von Peace@heart<\/h5>\n<p class=\"content\" data-text-truncate-lines=\"5\"><em>Ich LIEBE LIEBE LIEBE LIEBE dieses Album. Ich kann nicht genug dar\u00fcber sagen und ich habe es allen meinen Freunden empfohlen. Es eignet sich hervorragend f\u00fcr die Meditation, als Hintergrundmusik, um negative Gedanken zu vertreiben oder um laut dazu zu singen. Jeder der Songs hat seine eigene Stimme und seinen eigenen Charakter und jeder ist wundersch\u00f6n und brillant. Die Stimmen lenken Sie nicht nur nicht ab, wenn Sie meditieren, sondern sie ziehen Sie tiefer hinein und versetzen Sie in einen entspannten Zustand von Geist und K\u00f6rper. Ich bin so gesegnet, dass ich diese Musik gefunden habe. Ich danke Ihnen, Jane, und Ihren anderen wunderbaren K\u00fcnstlern, die diese Musik gemacht haben, und ich kann es kaum erwarten, mehr von Ihnen zu h\u00f6ren! Viel Liebe f\u00fcr Sie alle!       <\/em><\/p>\n<\/div>\n<div class=\"customer-review\">\n<h5><span class=\"customerReviewTitle\">Wow!<\/span><\/h5>\n<div class=\"rating\" tabindex=\"-1\">\n<div><span class=\"rating-star\"> <\/span><span class=\"rating-star\"> <\/span><span class=\"rating-star\"> <\/span><span class=\"rating-star\"> <\/span><span class=\"rating-star\"> <\/span><\/div>\n<\/div>\n<p><span class=\"user-info\">von Farski<\/span><\/p>\n<p class=\"content\" data-text-truncate-lines=\"5\"><em>Au\u00dfergew\u00f6hnliche CD. Jeder Song ist wundersch\u00f6n und erbaulich. Ich k\u00f6nnte diese CD stundenlang spielen und w\u00fcrde nie m\u00fcde werden, sie zu h\u00f6ren. Das habe ich sogar schon getan, seit ich sie gekauft habe! Wenn Sie auf der Suche nach etwas sind, das Sie an einen freundlicheren, sanfteren Ort entf\u00fchrt&#8230;., dann ist es das. Der Himmel in sieben Tracks.<\/em><\/p>\n<\/div>\n<div class=\"customer-review\">\n<h5><span class=\"customerReviewTitle\">Mantra von jane Winther<\/span><\/h5>\n<div class=\"rating\" tabindex=\"-1\">\n<div><span class=\"rating-star\"> <\/span><span class=\"rating-star\"> <\/span><span class=\"rating-star\"> <\/span><span class=\"rating-star\"> <\/span><span class=\"rating-star\"> <\/span><\/div>\n<\/div>\n<p><span class=\"user-info\">von Schpecky<\/span><\/p>\n<p class=\"content\" data-text-truncate-lines=\"5\"><em>Faszinierend, es entf\u00fchrt Sie auf eine Reise ins Nirgendwo. Sie lassen sich einfach mitrei\u00dfen, sanft und bereitwillig. <\/em><\/p>\n<\/div>\n","protected":false},"featured_media":8930,"template":"","meta":{"_acf_changed":false},"product_brand":[],"product_cat":[305,306,304,311,310,303,316,314,315],"product_tag":[338,334],"class_list":{"0":"post-12140","1":"product","2":"type-product","3":"status-publish","4":"has-post-thumbnail","6":"product_cat-alben","7":"product_cat-beruhigend","8":"product_cat-entspannend","9":"product_cat-erbaulich","10":"product_cat-mantras","11":"product_cat-musik","12":"product_cat-nachrichten","13":"product_cat-schlaf","14":"product_cat-yoga","15":"product_tag-mantras","16":"product_tag-yoga-und-meditation","18":"first","19":"instock","20":"downloadable","21":"virtual","22":"taxable","23":"purchasable","24":"product-type-simple"},"acf":[],"_links":{"self":[{"href":"https:\/\/janewinther.com\/de\/wp-json\/wp\/v2\/product\/12140","targetHints":{"allow":["GET"]}}],"collection":[{"href":"https:\/\/janewinther.com\/de\/wp-json\/wp\/v2\/product"}],"about":[{"href":"https:\/\/janewinther.com\/de\/wp-json\/wp\/v2\/types\/product"}],"version-history":[{"count":0,"href":"https:\/\/janewinther.com\/de\/wp-json\/wp\/v2\/product\/12140\/revisions"}],"wp:featuredmedia":[{"embeddable":true,"href":"https:\/\/janewinther.com\/de\/wp-json\/wp\/v2\/media\/8930"}],"wp:attachment":[{"href":"https:\/\/janewinther.com\/de\/wp-json\/wp\/v2\/media?parent=12140"}],"wp:term":[{"taxonomy":"product_brand","embeddable":true,"href":"https:\/\/janewinther.com\/de\/wp-json\/wp\/v2\/product_brand?post=12140"},{"taxonomy":"product_cat","embeddable":true,"href":"https:\/\/janewinther.com\/de\/wp-json\/wp\/v2\/product_cat?post=12140"},{"taxonomy":"product_tag","embeddable":true,"href":"https:\/\/janewinther.com\/de\/wp-json\/wp\/v2\/product_tag?post=12140"}],"curies":[{"name":"wp","href":"https:\/\/api.w.org\/{rel}","templated":true}]}}