{"id":12224,"date":"2025-06-22T09:01:26","date_gmt":"2025-06-22T07:01:26","guid":{"rendered":"https:\/\/janewinther.com\/shop\/2-grundlegende-buecher-klangschalen-und-klangschalen-ein-werkzeug-fuer-ruhe-und-vitalitaet\/"},"modified":"2026-01-17T09:05:18","modified_gmt":"2026-01-17T08:05:18","slug":"2-grundlegende-buecher-klangschalen-und-klangschalen-ein-werkzeug-fuer-ruhe-und-vitalitaet","status":"publish","type":"product","link":"https:\/\/janewinther.com\/de\/shop\/2-grundlegende-buecher-klangschalen-und-klangschalen-ein-werkzeug-fuer-ruhe-und-vitalitaet\/","title":{"rendered":"2 grundlegende B\u00fccher: &#8222;Klangschalen und Klangschalen &#8211; ein Werkzeug f\u00fcr Ruhe und Vitalit\u00e4t&#8220;"},"content":{"rendered":"<p><strong>Klangschalen und Klangschalen &#8211; ein Werkzeug f\u00fcr Ruhe und Vitalit\u00e4t<\/strong><\/p>\n<p>Dieses Buch ist eine Anleitung, wie Sie Klangschalen und andere Klanginstrumente zur Entspannung, Energetisierung, Schmerzlinderung, Heilung, Freude und zum Spielen einsetzen k\u00f6nnen! Sowohl privat als auch in einem breiten Spektrum von beruflichen Kontexten. <\/p>\n<p>Sehen Sie <a href=\"https:\/\/www.youtube.com\/watch?v=BqRzc2laCEc\" rel=\"noopener\">hier<\/a> ein Video \u00fcber die Grundierung<\/p>\n<p><strong>Lesen Sie mehr \u00fcber<\/strong><\/p>\n<p>Die Geschichte der Klangschalen, ihr Metallgehalt und wie man sie herstellt<\/p>\n<p>Wie man eine Klangschale spielt<\/p>\n<p>Welche Klangschalen sind wof\u00fcr gut?<\/p>\n<p>Wie Sie Klangschalen allein oder in einer Gruppe verwenden k\u00f6nnen<\/p>\n<p>Wie Sie sich und andere mit Klangschalen behandeln k\u00f6nnen<\/p>\n<p>Wie Sie Glocken, Glockenspiele, Windspiele und Gongs in verschiedenen Kontexten verwenden k\u00f6nnen<\/p>\n<p>Wie Sie Kl\u00e4nge und T\u00f6ne in der Interaktion und im Spiel mit Kindern einsetzen k\u00f6nnen<\/p>\n<p><em>Jane Winther ist eine S\u00e4ngerin, Musikerin, Komponistin und Musikwissenschaftlerin. Sie hat sich auf die &#8222;Musik der Seele&#8220; spezialisiert und eine gro\u00dfe Anzahl von CDs ver\u00f6ffentlicht. Im Jahr 1997 gr\u00fcndete sie das Unternehmen Unisound, das neben Musik- und Buchver\u00f6ffentlichungen auch Kurse, Konzerte, Klangbehandlungen und Schulungen f\u00fcr Klangtherapeuten anbietet.  <\/em><\/p>\n<p><em> <\/em><em>Empfohlener Verkaufspreis: 275,-<\/em><\/p>\n<p>&nbsp;<\/p>\n<p>New Aspect hat das Buch im Juli 2016 rezensiert:<\/p>\n<p class=\"p1\"><strong>Singen, Klirren, Gongs und Glockenspiel<\/strong><\/p>\n<p class=\"p2\">Als ich dieses Buch las, er\u00f6ffnete sich mir eine Welt. Ich wusste ein wenig und hatte ein wenig ausprobiert &#8211; jetzt wei\u00df ich viel mehr. Auf leidenschaftliche Weise erkundet Jane Winther (JW) das wunderbare Universum der Klangschalen.  <\/p>\n<p class=\"p2\">Sie beschreibt die Materialien, das Design, die Gr\u00f6\u00dfe, das Alter und den Unterschied zwischen Klangschalen und Klangschalen sowie wie man jede Schale spielt. Der Leser wird auch in Gongs, Glocken, Rasseln und Regenst\u00f6cke eingef\u00fchrt. <\/p>\n<p class=\"p2\">Auch Kl\u00e4nge im Allgemeinen werden beschrieben und erkl\u00e4rt. JW zeigt anhand von Beispielen, wie die Kl\u00e4nge von Klangschalen eine positive Wirkung auf ausgew\u00e4hlte Ungleichgewichte und Krankheiten haben k\u00f6nnen. <\/p>\n<p class=\"p2\">Das ganze Buch hindurch ist ein tiefer Respekt f\u00fcr die beiden behandelten Personen sp\u00fcrbar,<\/p>\n<p class=\"p2\">f\u00fcr diejenigen, die die Schalen benutzen oder benutzen wollen, und f\u00fcr die Schalen selbst. Als Leser stellen Sie fest, dass JW selbst eine Offenheit und Neugierde bei seiner Arbeit mit den Schalen an den Tag legt. Keine starren Regeln. Sie ermutigt Sie, sanft und respektvoll mit und an sich selbst zu experimentieren, bevor Sie mit anderen arbeiten. Sie betont die ethischen Aspekte der Verwendung der Schalen und schreibt, in welchen Situationen Sie sie nicht verwenden sollten.    <\/p>\n<p class=\"p2\">Chakren, Meridiane und aurische Felder und wie man sie ausgleicht, werden erkl\u00e4rt. Ein ganzes Kapitel ist der Verwendung von Klangschalen durch Fachleute in Institutionen gewidmet: Kinder, Schwangere, Yoga, Meditation, Behinderte und Blinde sowie Reinigungsr\u00e4ume. <\/p>\n<p class=\"p2\">Das Buch ist k\u00f6stlich reich an Qualit\u00e4t mit sehr sch\u00f6nen Fotos. Ein fast sinnliches Erlebnis &#8211; wie die Instrumente selbst.   <em>Ingelise Hallengren<\/em><\/p>\n<p><a href=\"https:\/\/janewinther.com\/wp-content\/uploads\/2016\/02\/Syngeska%CC%8Ale-og-klangska%CC%8Ale-bog.pdf\" target=\"_blank\" rel=\"noopener\"><img loading=\"lazy\" decoding=\"async\" class=\"alignnone size-medium wp-image-1356\" src=\"https:\/\/janewinther.com\/wp-content\/uploads\/2016\/01\/syngeska%CC%8Ale-bog-212x300.jpeg\" alt=\"Klangschalen Buch\" width=\"212\" height=\"300\" title=\"\"><\/a><\/p>\n","protected":false},"excerpt":{"rendered":"<p>Das grundlegende Buch \u00fcber Klangschalen und Klangschalen<\/p>\n<div class=\"kvgmc6g5 cxmmr5t8 oygrvhab hcukyx3x c1et5uql ii04i59q\">\n<div dir=\"auto\">sowohl f\u00fcr den professionellen als auch f\u00fcr den privaten Gebrauch.<\/div>\n<\/div>\n<div class=\"o9v6fnle cxmmr5t8 oygrvhab hcukyx3x c1et5uql ii04i59q\">\n<div dir=\"auto\">Ein informatives und anschauliches Buch mit mehr als 150 Farbabbildungen.<\/div>\n<div dir=\"auto\">Es gibt auch einen Bereich mit Audio und Kindern \ud83d\ude42<\/div>\n<\/div>\n<div class=\"o9v6fnle cxmmr5t8 oygrvhab hcukyx3x c1et5uql ii04i59q\"><\/div>\n<p>Lesen Sie mehr \u00fcber das Buch auf dem Text unten<a href=\"https:\/\/janewinther.com\/wp-content\/uploads\/2016\/02\/Syngeska%CC%8Ale-og-klangska%CC%8Ale-bog.pdf\"> hier<\/a><\/p>\n<p>&nbsp;<\/p>\n<p>&nbsp;<\/p>\n<p>&nbsp;<\/p>\n<p>&nbsp;<\/p>\n","protected":false},"featured_media":7478,"template":"","meta":{"_acf_changed":false},"product_brand":[],"product_cat":[292,318],"product_tag":[],"class_list":{"0":"post-12224","1":"product","2":"type-product","3":"status-publish","4":"has-post-thumbnail","6":"product_cat-buecher-physisch","7":"product_cat-singing-bowls-klangschalen","9":"first","10":"instock","11":"sale","12":"taxable","13":"shipping-taxable","14":"purchasable","15":"product-type-simple"},"acf":[],"_links":{"self":[{"href":"https:\/\/janewinther.com\/de\/wp-json\/wp\/v2\/product\/12224","targetHints":{"allow":["GET"]}}],"collection":[{"href":"https:\/\/janewinther.com\/de\/wp-json\/wp\/v2\/product"}],"about":[{"href":"https:\/\/janewinther.com\/de\/wp-json\/wp\/v2\/types\/product"}],"version-history":[{"count":1,"href":"https:\/\/janewinther.com\/de\/wp-json\/wp\/v2\/product\/12224\/revisions"}],"predecessor-version":[{"id":12234,"href":"https:\/\/janewinther.com\/de\/wp-json\/wp\/v2\/product\/12224\/revisions\/12234"}],"wp:featuredmedia":[{"embeddable":true,"href":"https:\/\/janewinther.com\/de\/wp-json\/wp\/v2\/media\/7478"}],"wp:attachment":[{"href":"https:\/\/janewinther.com\/de\/wp-json\/wp\/v2\/media?parent=12224"}],"wp:term":[{"taxonomy":"product_brand","embeddable":true,"href":"https:\/\/janewinther.com\/de\/wp-json\/wp\/v2\/product_brand?post=12224"},{"taxonomy":"product_cat","embeddable":true,"href":"https:\/\/janewinther.com\/de\/wp-json\/wp\/v2\/product_cat?post=12224"},{"taxonomy":"product_tag","embeddable":true,"href":"https:\/\/janewinther.com\/de\/wp-json\/wp\/v2\/product_tag?post=12224"}],"curies":[{"name":"wp","href":"https:\/\/api.w.org\/{rel}","templated":true}]}}