{"id":12369,"date":"2020-10-19T15:57:20","date_gmt":"2020-10-19T13:57:20","guid":{"rendered":"https:\/\/janewinther.com\/shop\/seidenbeutel-x-grosse-klangschalen\/"},"modified":"2020-10-19T15:57:20","modified_gmt":"2020-10-19T13:57:20","slug":"seidenbeutel-x-grosse-klangschalen","status":"publish","type":"product","link":"https:\/\/janewinther.com\/de\/shop\/seidenbeutel-x-grosse-klangschalen\/","title":{"rendered":"Seidenbeutel &#8211; X gro\u00dfe Klangschalen"},"content":{"rendered":"<p>Sch\u00f6ne Seidenbeutel, die beim Transport sch\u00fctzen<\/p>\n","protected":false},"excerpt":{"rendered":"<p>Die feinsten Seidenbeutel, die speziell hergestellt wurden, um eine Klangschale w\u00e4hrend des Transports bestm\u00f6glich zu sch\u00fctzen.<\/p>\n<p>Es gibt zwei Lagen Stoff mit einer zus\u00e4tzlichen Verst\u00e4rkung am Boden und einem feinen Schnursystem, mit dem Sie den Beutel \u00f6ffnen und schlie\u00dfen k\u00f6nnen.<\/p>\n<p>Der Seidenbeutel kann auch f\u00fcr andere Dinge verwendet werden, die Sie sch\u00fctzen \/ transportieren m\u00f6chten<\/p>\n<p>Denken Sie daran, die gew\u00fcnschte Farbe anzugeben (gelb\/orange &#8211; rot &#8211; gr\u00fcn &#8211; blau &#8211; lila)<\/p>\n","protected":false},"featured_media":4621,"template":"","meta":{"_acf_changed":false},"product_brand":[],"product_cat":[300,298],"product_tag":[],"class_list":{"0":"post-12369","1":"product","2":"type-product","3":"status-publish","4":"has-post-thumbnail","6":"product_cat-kissen-und-taschen-alle-groessen","7":"product_cat-schlaeger-kissen-taschen","9":"first","10":"instock","11":"taxable","12":"shipping-taxable","13":"purchasable","14":"product-type-simple"},"acf":[],"_links":{"self":[{"href":"https:\/\/janewinther.com\/de\/wp-json\/wp\/v2\/product\/12369","targetHints":{"allow":["GET"]}}],"collection":[{"href":"https:\/\/janewinther.com\/de\/wp-json\/wp\/v2\/product"}],"about":[{"href":"https:\/\/janewinther.com\/de\/wp-json\/wp\/v2\/types\/product"}],"version-history":[{"count":0,"href":"https:\/\/janewinther.com\/de\/wp-json\/wp\/v2\/product\/12369\/revisions"}],"wp:featuredmedia":[{"embeddable":true,"href":"https:\/\/janewinther.com\/de\/wp-json\/wp\/v2\/media\/4621"}],"wp:attachment":[{"href":"https:\/\/janewinther.com\/de\/wp-json\/wp\/v2\/media?parent=12369"}],"wp:term":[{"taxonomy":"product_brand","embeddable":true,"href":"https:\/\/janewinther.com\/de\/wp-json\/wp\/v2\/product_brand?post=12369"},{"taxonomy":"product_cat","embeddable":true,"href":"https:\/\/janewinther.com\/de\/wp-json\/wp\/v2\/product_cat?post=12369"},{"taxonomy":"product_tag","embeddable":true,"href":"https:\/\/janewinther.com\/de\/wp-json\/wp\/v2\/product_tag?post=12369"}],"curies":[{"name":"wp","href":"https:\/\/api.w.org\/{rel}","templated":true}]}}