{"id":12406,"date":"2020-10-06T12:33:59","date_gmt":"2020-10-06T10:33:59","guid":{"rendered":"https:\/\/janewinther.com\/shop\/2-in-1-schlaegel-fuer-mittelgrosse-klangschalen-schwarz\/"},"modified":"2020-10-06T12:33:59","modified_gmt":"2020-10-06T10:33:59","slug":"2-in-1-schlaegel-fuer-mittelgrosse-klangschalen-schwarz","status":"publish","type":"product","link":"https:\/\/janewinther.com\/de\/shop\/2-in-1-schlaegel-fuer-mittelgrosse-klangschalen-schwarz\/","title":{"rendered":"&#8222;2 in 1&#8220; Schl\u00e4gel f\u00fcr mittelgro\u00dfe Klangschalen &#8211; schwarz"},"content":{"rendered":"","protected":false},"excerpt":{"rendered":"<p>Wolle auf der einen Seite f\u00fcr weichen und tiefen Klang f\u00fcr mittelgro\u00dfe Klangschalen<\/p>\n<p>Wildleder auf der anderen Seite des Holzschlegels, der zum Umfahren von Klangschalen oder zum Anschlagen verwendet werden kann.<\/p>\n","protected":false},"featured_media":12408,"template":"","meta":{"_acf_changed":false},"product_brand":[],"product_cat":[298,299],"product_tag":[],"class_list":{"0":"post-12406","1":"product","2":"type-product","3":"status-publish","4":"has-post-thumbnail","6":"product_cat-schlaeger-kissen-taschen","7":"product_cat-zwischen-den-keulen","9":"first","10":"instock","11":"taxable","12":"shipping-taxable","13":"purchasable","14":"product-type-simple"},"acf":[],"_links":{"self":[{"href":"https:\/\/janewinther.com\/de\/wp-json\/wp\/v2\/product\/12406","targetHints":{"allow":["GET"]}}],"collection":[{"href":"https:\/\/janewinther.com\/de\/wp-json\/wp\/v2\/product"}],"about":[{"href":"https:\/\/janewinther.com\/de\/wp-json\/wp\/v2\/types\/product"}],"version-history":[{"count":0,"href":"https:\/\/janewinther.com\/de\/wp-json\/wp\/v2\/product\/12406\/revisions"}],"wp:featuredmedia":[{"embeddable":true,"href":"https:\/\/janewinther.com\/de\/wp-json\/wp\/v2\/media\/12408"}],"wp:attachment":[{"href":"https:\/\/janewinther.com\/de\/wp-json\/wp\/v2\/media?parent=12406"}],"wp:term":[{"taxonomy":"product_brand","embeddable":true,"href":"https:\/\/janewinther.com\/de\/wp-json\/wp\/v2\/product_brand?post=12406"},{"taxonomy":"product_cat","embeddable":true,"href":"https:\/\/janewinther.com\/de\/wp-json\/wp\/v2\/product_cat?post=12406"},{"taxonomy":"product_tag","embeddable":true,"href":"https:\/\/janewinther.com\/de\/wp-json\/wp\/v2\/product_tag?post=12406"}],"curies":[{"name":"wp","href":"https:\/\/api.w.org\/{rel}","templated":true}]}}