{"id":12445,"date":"2024-01-19T09:10:22","date_gmt":"2024-01-19T08:10:22","guid":{"rendered":"https:\/\/janewinther.com\/shop\/kissen-fuer-mittelgrosse-klangschalen-in-vielen-farben\/"},"modified":"2024-01-19T09:10:22","modified_gmt":"2024-01-19T08:10:22","slug":"kissen-fuer-mittelgrosse-klangschalen-in-vielen-farben","status":"publish","type":"product","link":"https:\/\/janewinther.com\/de\/shop\/kissen-fuer-mittelgrosse-klangschalen-in-vielen-farben\/","title":{"rendered":"Kissen f\u00fcr mittelgro\u00dfe Klangschalen in vielen Farben"},"content":{"rendered":"","protected":false},"excerpt":{"rendered":"<p>Seidenkissen f\u00fcr mittelgro\u00dfe Klangschalen in vielen Farben.<br \/>\nGeben Sie die gew\u00fcnschte Anzahl nach der Bestellung in das Textfeld ein<\/p>\n<ol>\n<li>Orange<\/li>\n<li>Rote Farbe<\/li>\n<li>Bordeaux<\/li>\n<li>Gul<\/li>\n<li>Sorte<\/li>\n<li>Gr\u00fcne Farbe<\/li>\n<li>T\u00fcrkis<\/li>\n<li>Farbe Blau<\/li>\n<\/ol>\n<p>Hinweis: Die richtige Gr\u00f6\u00dfe von Kissen f\u00fcr Klangschalen zu finden, ist eine Wissenschaft.<br \/>\nWenn Sie in diesem Webshop Klangschalen zusammen mit Kissen bestellen, findet Jane Winther das Kissen, das optimal zu der\/den Klangschale(n) passt, damit der Nachhall der Klangschale nicht ged\u00e4mpft wird.<\/p>\n","protected":false},"featured_media":7462,"template":"","meta":{"_acf_changed":false},"product_brand":[],"product_cat":[300,298],"product_tag":[],"class_list":{"0":"post-12445","1":"product","2":"type-product","3":"status-publish","4":"has-post-thumbnail","6":"product_cat-kissen-und-taschen-alle-groessen","7":"product_cat-schlaeger-kissen-taschen","9":"first","10":"instock","11":"taxable","12":"shipping-taxable","13":"purchasable","14":"product-type-simple"},"acf":[],"_links":{"self":[{"href":"https:\/\/janewinther.com\/de\/wp-json\/wp\/v2\/product\/12445","targetHints":{"allow":["GET"]}}],"collection":[{"href":"https:\/\/janewinther.com\/de\/wp-json\/wp\/v2\/product"}],"about":[{"href":"https:\/\/janewinther.com\/de\/wp-json\/wp\/v2\/types\/product"}],"version-history":[{"count":0,"href":"https:\/\/janewinther.com\/de\/wp-json\/wp\/v2\/product\/12445\/revisions"}],"wp:featuredmedia":[{"embeddable":true,"href":"https:\/\/janewinther.com\/de\/wp-json\/wp\/v2\/media\/7462"}],"wp:attachment":[{"href":"https:\/\/janewinther.com\/de\/wp-json\/wp\/v2\/media?parent=12445"}],"wp:term":[{"taxonomy":"product_brand","embeddable":true,"href":"https:\/\/janewinther.com\/de\/wp-json\/wp\/v2\/product_brand?post=12445"},{"taxonomy":"product_cat","embeddable":true,"href":"https:\/\/janewinther.com\/de\/wp-json\/wp\/v2\/product_cat?post=12445"},{"taxonomy":"product_tag","embeddable":true,"href":"https:\/\/janewinther.com\/de\/wp-json\/wp\/v2\/product_tag?post=12445"}],"curies":[{"name":"wp","href":"https:\/\/api.w.org\/{rel}","templated":true}]}}