{"id":12494,"date":"2024-05-15T17:01:53","date_gmt":"2024-05-15T15:01:53","guid":{"rendered":"https:\/\/janewinther.com\/shop\/mercure-windspiel\/"},"modified":"2026-01-23T12:04:32","modified_gmt":"2026-01-23T11:04:32","slug":"mercure-windspiel","status":"publish","type":"product","link":"https:\/\/janewinther.com\/de\/shop\/mercure-windspiel\/","title":{"rendered":"MERCURE Windspiel"},"content":{"rendered":"","protected":false},"excerpt":{"rendered":"<p>H\u00f6ren Sie hier:<\/p>\n[playlist ids=\"6152\"]\n<p>Das MERCURE Windspiel kann zur Entspannung, Meditation, Musiktherapie usw. verwendet werden.<br \/>\nkann auch als p\u00e4dagogisches Instrument verwendet werden, um Kindern und Erwachsenen Ruhe zu verschaffen. <\/p>\n<p>Ma\u00dfe: 16,5 cm H\u00f6he &#8211; 6,3 cm Durchmesser<br \/>\nHergestellt in der Vend\u00e9e, Frankreich, mit Materialien von lokalen Lieferanten.<br \/>\nR\u00fcckverfolgbares und kontrolliertes Holz aus europ\u00e4ischen W\u00e4ldern.<\/p>\n<p>Das Windspiel sollte vor Feuchtigkeit gesch\u00fctzt und nicht im Freien aufbewahrt werden.<br \/>\nSie k\u00f6nnen die Holzpfeife mit nat\u00fcrlichem \u00d6l sch\u00fctzen.<br \/>\nNicht geeignet f\u00fcr Kinder unter 3 Jahren<\/p>\n","protected":false},"featured_media":7995,"template":"","meta":{"_acf_changed":false},"product_brand":[],"product_cat":[326],"product_tag":[],"class_list":{"0":"post-12494","1":"product","2":"type-product","3":"status-publish","4":"has-post-thumbnail","6":"product_cat-windglocken","8":"first","9":"instock","10":"taxable","11":"shipping-taxable","12":"purchasable","13":"product-type-simple"},"acf":[],"_links":{"self":[{"href":"https:\/\/janewinther.com\/de\/wp-json\/wp\/v2\/product\/12494","targetHints":{"allow":["GET"]}}],"collection":[{"href":"https:\/\/janewinther.com\/de\/wp-json\/wp\/v2\/product"}],"about":[{"href":"https:\/\/janewinther.com\/de\/wp-json\/wp\/v2\/types\/product"}],"version-history":[{"count":1,"href":"https:\/\/janewinther.com\/de\/wp-json\/wp\/v2\/product\/12494\/revisions"}],"predecessor-version":[{"id":12500,"href":"https:\/\/janewinther.com\/de\/wp-json\/wp\/v2\/product\/12494\/revisions\/12500"}],"wp:featuredmedia":[{"embeddable":true,"href":"https:\/\/janewinther.com\/de\/wp-json\/wp\/v2\/media\/7995"}],"wp:attachment":[{"href":"https:\/\/janewinther.com\/de\/wp-json\/wp\/v2\/media?parent=12494"}],"wp:term":[{"taxonomy":"product_brand","embeddable":true,"href":"https:\/\/janewinther.com\/de\/wp-json\/wp\/v2\/product_brand?post=12494"},{"taxonomy":"product_cat","embeddable":true,"href":"https:\/\/janewinther.com\/de\/wp-json\/wp\/v2\/product_cat?post=12494"},{"taxonomy":"product_tag","embeddable":true,"href":"https:\/\/janewinther.com\/de\/wp-json\/wp\/v2\/product_tag?post=12494"}],"curies":[{"name":"wp","href":"https:\/\/api.w.org\/{rel}","templated":true}]}}