{"id":12503,"date":"2019-02-26T17:10:49","date_gmt":"2019-02-26T16:10:49","guid":{"rendered":"https:\/\/janewinther.com\/shop\/handgefertigte-geschenkbox-klangschale-kissen-und-schlaegel-rosa\/"},"modified":"2019-02-26T17:10:49","modified_gmt":"2019-02-26T16:10:49","slug":"handgefertigte-geschenkbox-klangschale-kissen-und-schlaegel-rosa","status":"publish","type":"product","link":"https:\/\/janewinther.com\/de\/shop\/handgefertigte-geschenkbox-klangschale-kissen-und-schlaegel-rosa\/","title":{"rendered":"Handgefertigte Geschenkbox; Klangschale, Kissen und Schl\u00e4gel (Rosa)"},"content":{"rendered":"<p>Kleine maschinell gefertigte Klangschale, die von Hand bemalt ist und eine Keule + Kissen in der gleichen Farbe wie die Schachtel enth\u00e4lt.<\/p>\n<p>Sie k\u00f6nnen zwischen den Farben Blau, T\u00fcrkis, Gr\u00fcn, Schwarz, Rot, Burgunderrot, Pink, Orange und Gelb w\u00e4hlen (geben Sie die gew\u00fcnschte Farbe nach der Bestellung in das Feld ein)<\/p>\n<p>&nbsp;<\/p>\n","protected":false},"excerpt":{"rendered":"<p>Kleine maschinell hergestellte Klangschale, die von Hand bemalt ist. Hoher und klarer Ton mit sehr langem Nachhall. Tolle Geschenkidee.  <\/p>\n<p>Rosa<\/p>\n","protected":false},"featured_media":7745,"template":"","meta":{"_acf_changed":false},"product_brand":[],"product_cat":[319,322,316,286],"product_tag":[],"class_list":{"0":"post-12503","1":"product","2":"type-product","3":"status-publish","4":"has-post-thumbnail","6":"product_cat-gravuren","7":"product_cat-kleine-neuheiten","8":"product_cat-nachrichten","9":"product_cat-verschiedene-starterkits","11":"first","12":"instock","13":"taxable","14":"shipping-taxable","15":"purchasable","16":"product-type-simple"},"acf":[],"_links":{"self":[{"href":"https:\/\/janewinther.com\/de\/wp-json\/wp\/v2\/product\/12503","targetHints":{"allow":["GET"]}}],"collection":[{"href":"https:\/\/janewinther.com\/de\/wp-json\/wp\/v2\/product"}],"about":[{"href":"https:\/\/janewinther.com\/de\/wp-json\/wp\/v2\/types\/product"}],"version-history":[{"count":0,"href":"https:\/\/janewinther.com\/de\/wp-json\/wp\/v2\/product\/12503\/revisions"}],"wp:featuredmedia":[{"embeddable":true,"href":"https:\/\/janewinther.com\/de\/wp-json\/wp\/v2\/media\/7745"}],"wp:attachment":[{"href":"https:\/\/janewinther.com\/de\/wp-json\/wp\/v2\/media?parent=12503"}],"wp:term":[{"taxonomy":"product_brand","embeddable":true,"href":"https:\/\/janewinther.com\/de\/wp-json\/wp\/v2\/product_brand?post=12503"},{"taxonomy":"product_cat","embeddable":true,"href":"https:\/\/janewinther.com\/de\/wp-json\/wp\/v2\/product_cat?post=12503"},{"taxonomy":"product_tag","embeddable":true,"href":"https:\/\/janewinther.com\/de\/wp-json\/wp\/v2\/product_tag?post=12503"}],"curies":[{"name":"wp","href":"https:\/\/api.w.org\/{rel}","templated":true}]}}