{"id":12703,"date":"2015-07-29T16:51:11","date_gmt":"2015-07-29T14:51:11","guid":{"rendered":"https:\/\/janewinther.com\/shop\/mittelgrosse-holzkeule-mit-burgunderfarbenem-wildleder\/"},"modified":"2015-07-29T16:51:11","modified_gmt":"2015-07-29T14:51:11","slug":"mittelgrosse-holzkeule-mit-burgunderfarbenem-wildleder","status":"publish","type":"product","link":"https:\/\/janewinther.com\/de\/shop\/mittelgrosse-holzkeule-mit-burgunderfarbenem-wildleder\/","title":{"rendered":"Mittelgro\u00dfe Holzkeule mit burgunderfarbenem Wildleder"},"content":{"rendered":"","protected":false},"excerpt":{"rendered":"<p>F\u00fcr mittelgro\u00dfe Klangschalen<\/p>\n","protected":false},"featured_media":7540,"template":"","meta":{"_acf_changed":false},"product_brand":[],"product_cat":[298,299],"product_tag":[],"class_list":{"0":"post-12703","1":"product","2":"type-product","3":"status-publish","4":"has-post-thumbnail","6":"product_cat-schlaeger-kissen-taschen","7":"product_cat-zwischen-den-keulen","9":"first","10":"instock","11":"taxable","12":"shipping-taxable","13":"purchasable","14":"product-type-simple"},"acf":[],"_links":{"self":[{"href":"https:\/\/janewinther.com\/de\/wp-json\/wp\/v2\/product\/12703","targetHints":{"allow":["GET"]}}],"collection":[{"href":"https:\/\/janewinther.com\/de\/wp-json\/wp\/v2\/product"}],"about":[{"href":"https:\/\/janewinther.com\/de\/wp-json\/wp\/v2\/types\/product"}],"version-history":[{"count":0,"href":"https:\/\/janewinther.com\/de\/wp-json\/wp\/v2\/product\/12703\/revisions"}],"wp:featuredmedia":[{"embeddable":true,"href":"https:\/\/janewinther.com\/de\/wp-json\/wp\/v2\/media\/7540"}],"wp:attachment":[{"href":"https:\/\/janewinther.com\/de\/wp-json\/wp\/v2\/media?parent=12703"}],"wp:term":[{"taxonomy":"product_brand","embeddable":true,"href":"https:\/\/janewinther.com\/de\/wp-json\/wp\/v2\/product_brand?post=12703"},{"taxonomy":"product_cat","embeddable":true,"href":"https:\/\/janewinther.com\/de\/wp-json\/wp\/v2\/product_cat?post=12703"},{"taxonomy":"product_tag","embeddable":true,"href":"https:\/\/janewinther.com\/de\/wp-json\/wp\/v2\/product_tag?post=12703"}],"curies":[{"name":"wp","href":"https:\/\/api.w.org\/{rel}","templated":true}]}}