{"id":12825,"date":"2015-07-27T12:54:04","date_gmt":"2015-07-27T10:54:04","guid":{"rendered":"https:\/\/janewinther.com\/shop\/mitgefuehl-cd\/"},"modified":"2015-07-27T12:54:04","modified_gmt":"2015-07-27T10:54:04","slug":"mitgefuehl-cd","status":"publish","type":"product","link":"https:\/\/janewinther.com\/de\/shop\/mitgefuehl-cd\/","title":{"rendered":"Mitgef\u00fchl (CD)"},"content":{"rendered":"","protected":false},"excerpt":{"rendered":"<p><span style=\"color: #342f2e; font-family: Arial; font-size: small;\">COMPASSION (42 min)<br \/>\nEnth\u00e4lt ruhige Lieder und Gesangsharmonien, die von den gro\u00dfen Meistern aller Zeiten inspiriert sind, darunter Buddha, der Heilige Franz von Assisi, der Dalai Lama und andere. Die Musik ist meditativ und friedlich. Sie erm\u00f6glicht es dem H\u00f6rer, \u00fcber das Leben nachzudenken, w\u00e4hrend sie zu Mitgef\u00fchl und Empathie inspiriert &#8211; etwas f\u00fcr andere zu sein und zu tun.  <\/span><\/p>\n<p>Forlaget Borgen schreibt: &#8222;Die Musik geht direkt ins Herz und trifft Sie tief in der Seele. Sie ist einfach, meditativ und friedlich.&#8220;<br \/>\n&#8222;Tief bewegende Musik, diese CD hat mich emotional in Teile meiner Seele zur\u00fcckgebracht, die ich vorher nicht erkannt hatte. Wundersch\u00f6n und kraftvoll. Danke, Jane&#8220;<br \/>\n<em>Gitte H. Nathansen<\/em><\/p>\n<p><span style=\"color: #342f2e; font-family: Arial; font-size: small;\"><\/p>\n<p><\/span><\/p>\n<p>https:\/\/www.youtube.com\/watch?v=4eVspAzZQlw&amp;ab_channel=JaneWinther<\/p>\n<p>https:\/\/www.youtube.com\/watch?v=Gq6Kx2mGC1k&amp;ab_channel=GalacticVibrations<\/p>\n<p>&nbsp;<\/p>\n<p><span style=\"color: #342f2e; font-family: Arial; font-size: small;\"> <\/span><\/p>\n<p>&nbsp;<\/p>\n[embed]https:\/\/www.youtube.com\/watch?v=pKKdPlPaQfQ&amp;list=OLAK5uy_nniF3N_K_H4bDbVJmJ4EawYIDRDzI8VLI&amp;ab_channel=JaneWinther-Topic[\/embed]\n<p class=\"review-title\">\n<p class=\"review-title\">\n","protected":false},"featured_media":8531,"template":"","meta":{"_acf_changed":false},"product_brand":[],"product_cat":[305,306,304,311,310,303,312],"product_tag":[338,334],"class_list":{"0":"post-12825","1":"product","2":"type-product","3":"status-publish","4":"has-post-thumbnail","6":"product_cat-alben","7":"product_cat-beruhigend","8":"product_cat-entspannend","9":"product_cat-erbaulich","10":"product_cat-mantras","11":"product_cat-musik","12":"product_cat-stille-lieder","13":"product_tag-mantras","14":"product_tag-yoga-und-meditation","16":"first","17":"instock","18":"taxable","19":"shipping-taxable","20":"purchasable","21":"product-type-simple"},"acf":[],"_links":{"self":[{"href":"https:\/\/janewinther.com\/de\/wp-json\/wp\/v2\/product\/12825","targetHints":{"allow":["GET"]}}],"collection":[{"href":"https:\/\/janewinther.com\/de\/wp-json\/wp\/v2\/product"}],"about":[{"href":"https:\/\/janewinther.com\/de\/wp-json\/wp\/v2\/types\/product"}],"version-history":[{"count":0,"href":"https:\/\/janewinther.com\/de\/wp-json\/wp\/v2\/product\/12825\/revisions"}],"wp:featuredmedia":[{"embeddable":true,"href":"https:\/\/janewinther.com\/de\/wp-json\/wp\/v2\/media\/8531"}],"wp:attachment":[{"href":"https:\/\/janewinther.com\/de\/wp-json\/wp\/v2\/media?parent=12825"}],"wp:term":[{"taxonomy":"product_brand","embeddable":true,"href":"https:\/\/janewinther.com\/de\/wp-json\/wp\/v2\/product_brand?post=12825"},{"taxonomy":"product_cat","embeddable":true,"href":"https:\/\/janewinther.com\/de\/wp-json\/wp\/v2\/product_cat?post=12825"},{"taxonomy":"product_tag","embeddable":true,"href":"https:\/\/janewinther.com\/de\/wp-json\/wp\/v2\/product_tag?post=12825"}],"curies":[{"name":"wp","href":"https:\/\/api.w.org\/{rel}","templated":true}]}}